{"id":32,"date":"2023-09-04T11:15:57","date_gmt":"2023-09-04T11:15:57","guid":{"rendered":"https:\/\/www.fordcapriparts.com\/wp\/?page_id=32"},"modified":"2026-05-08T12:50:19","modified_gmt":"2026-05-08T12:50:19","slug":"ford-capri-parts","status":"publish","type":"page","link":"https:\/\/www.fordcapriparts.com\/wp\/","title":{"rendered":"Ford Capri Parts"},"content":{"rendered":"<p>[et_pb_section fb_built=&#8220;1&#8243; _builder_version=&#8220;4.22.0&#8243; _module_preset=&#8220;default&#8220; background_image=&#8220;https:\/\/www.fordcapriparts.com\/wp\/wp-content\/uploads\/2023\/09\/BKG_Hell.png&#8220; height=&#8220;1000px&#8220; global_colors_info=&#8220;{}&#8220;][et_pb_row column_structure=&#8220;1_3,1_3,1_3&#8243; _builder_version=&#8220;4.22.0&#8243; _module_preset=&#8220;default&#8220; min_height=&#8220;780px&#8220; custom_margin=&#8220;50px||||false|false&#8220; global_colors_info=&#8220;{}&#8220;][et_pb_column type=&#8220;1_3&#8243; _builder_version=&#8220;4.22.0&#8243; _module_preset=&#8220;default&#8220; global_colors_info=&#8220;{}&#8220;][et_pb_blurb title=&#8220;Kaufen&#8220; url=&#8220;https:\/\/www.fordcapriparts.com\/opencart4022&#8243; image=&#8220;https:\/\/www.fordcapriparts.com\/wp\/wp-content\/uploads\/2023\/09\/Logo_kaufen-1.jpg&#8220; _builder_version=&#8220;4.22.0&#8243; _module_preset=&#8220;default&#8220; header_level=&#8220;h1&#8243; header_text_align=&#8220;center&#8220; header_text_color=&#8220;#0C71C3&#8243; body_text_align=&#8220;justify&#8220; background_color=&#8220;#FFFFFF&#8220; custom_padding=&#8220;10px|10px|10px|10px|false|false&#8220; link_option_url=&#8220;https:\/\/www.fordcapriparts.com\/opencart4022&#8243; border_radii=&#8220;on|5px|5px|5px|5px&#8220; border_width_all=&#8220;1px&#8220; box_shadow_style=&#8220;preset2&#8243; global_colors_info=&#8220;{}&#8220; background__hover_enabled=&#8220;on|hover&#8220; background_color__hover=&#8220;rgba(12,113,195,0.5)&#8220; background_enable_color__hover=&#8220;on&#8220; title__hover_enabled=&#8220;on|hover&#8220; title__hover=&#8220;Kaufen&#8220; header_text_color__hover_enabled=&#8220;on|desktop&#8220; header_text_color__hover=&#8220;#FFFFFF&#8220;]<\/p>\n<p>Sie m\u00f6chten gerne ein Ersatzteil f\u00fcr Ihren Capri kaufen?<\/p>\n<p>Sicher werden Sie im Shop Ihr gew\u00fcnschtes Produkt finden.<\/p>\n<p>&nbsp;<\/p>\n<p>[\/et_pb_blurb][\/et_pb_column][et_pb_column type=&#8220;1_3&#8243; _builder_version=&#8220;4.22.0&#8243; _module_preset=&#8220;default&#8220; global_colors_info=&#8220;{}&#8220;][et_pb_blurb title=&#8220;Suchauftrag&#8220; url=&#8220;@ET-DC@eyJkeW5hbWljIjp0cnVlLCJjb250ZW50IjoicG9zdF9saW5rX3VybF9wYWdlIiwic2V0dGluZ3MiOnsicG9zdF9pZCI6IjkyIn19@&#8220; image=&#8220;https:\/\/www.fordcapriparts.com\/wp\/wp-content\/uploads\/2023\/09\/Logo_suchen.jpg&#8220; _builder_version=&#8220;4.22.0&#8243; _dynamic_attributes=&#8220;url,link_option_url&#8220; _module_preset=&#8220;default&#8220; header_level=&#8220;h1&#8243; header_text_align=&#8220;center&#8220; header_text_color=&#8220;#0C71C3&#8243; background_color=&#8220;#FFFFFF&#8220; custom_padding=&#8220;10px|10px|10px|10px|false|false&#8220; link_option_url=&#8220;@ET-DC@eyJkeW5hbWljIjp0cnVlLCJjb250ZW50IjoicG9zdF9saW5rX3VybF9wYWdlIiwic2V0dGluZ3MiOnsicG9zdF9pZCI6IjkyIn19@&#8220; hover_enabled=&#8220;0&#8243; header_text_color_last_edited=&#8220;off|desktop&#8220; border_radii=&#8220;on|5px|5px|5px|5px&#8220; border_width_all=&#8220;1px&#8220; box_shadow_style=&#8220;preset2&#8243; global_colors_info=&#8220;{}&#8220; background__hover_enabled=&#8220;on|hover&#8220; background_color__hover=&#8220;rgba(12,113,195,0.5)&#8220; background_enable_color__hover=&#8220;on&#8220; header_text_color__hover_enabled=&#8220;on|hover&#8220; header_text_color__hover=&#8220;#FFFFFF&#8220; sticky_enabled=&#8220;0&#8243;]<\/p>\n<p>Sie k\u00f6nnen ein gew\u00fcnschtes Ersatzteil f\u00fcr Ihren Capri nicht finden?<\/p>\n<p>Wir helfen Ihnen das gesuchte Produkt zu finden.<\/p>\n<p>&nbsp;<\/p>\n<p>[\/et_pb_blurb][\/et_pb_column][et_pb_column type=&#8220;1_3&#8243; _builder_version=&#8220;4.22.0&#8243; _module_preset=&#8220;default&#8220; global_colors_info=&#8220;{}&#8220;][et_pb_blurb title=&#8220;Verkaufen&#8220; url=&#8220;@ET-DC@eyJkeW5hbWljIjp0cnVlLCJjb250ZW50IjoicG9zdF9saW5rX3VybF9wYWdlIiwic2V0dGluZ3MiOnsicG9zdF9pZCI6IjIifX0=@&#8220; image=&#8220;https:\/\/www.fordcapriparts.com\/wp\/wp-content\/uploads\/2023\/09\/Logo_verkaufen.jpg&#8220; _builder_version=&#8220;4.22.0&#8243; _dynamic_attributes=&#8220;url,link_option_url&#8220; _module_preset=&#8220;default&#8220; header_level=&#8220;h1&#8243; header_text_align=&#8220;center&#8220; header_text_color=&#8220;#0C71C3&#8243; background_color=&#8220;#FFFFFF&#8220; custom_padding=&#8220;10px|10px|10px|10px|false|false&#8220; link_option_url=&#8220;@ET-DC@eyJkeW5hbWljIjp0cnVlLCJjb250ZW50IjoicG9zdF9saW5rX3VybF9wYWdlIiwic2V0dGluZ3MiOnsicG9zdF9pZCI6IjIifX0=@&#8220; border_radii=&#8220;on|5px|5px|5px|5px&#8220; border_width_all=&#8220;1px&#8220; box_shadow_style=&#8220;preset2&#8243; global_colors_info=&#8220;{}&#8220; background__hover_enabled=&#8220;on|hover&#8220; background_color__hover=&#8220;rgba(12,113,195,0.5)&#8220; background_enable_color__hover=&#8220;on&#8220; header_text_color__hover_enabled=&#8220;on|hover&#8220; header_text_color__hover=&#8220;#FFFFFF&#8220;]<\/p>\n<p>Sie haben Ersatzteile oder Zubeh\u00f6r f\u00fcr den Capri zu verkaufen?<\/p>\n<p>Wir helfen Ihnen das Ersatzteil zu verkaufen.<\/p>\n<p>&nbsp;<\/p>\n<p>[\/et_pb_blurb][\/et_pb_column][\/et_pb_row][\/et_pb_section]<\/p>\n","protected":false},"excerpt":{"rendered":"<p>Kaufen Sie m\u00f6chten gerne ein Ersatzteil f\u00fcr Ihren&#8230;<\/p>\n","protected":false},"author":1,"featured_media":0,"parent":0,"menu_order":0,"comment_status":"closed","ping_status":"closed","template":"","meta":{"_et_pb_use_builder":"on","_et_pb_old_content":"","_et_gb_content_width":"","footnotes":""},"class_list":["post-32","page","type-page","status-publish","hentry"],"_links":{"self":[{"href":"https:\/\/www.fordcapriparts.com\/wp\/index.php?rest_route=\/wp\/v2\/pages\/32","targetHints":{"allow":["GET"]}}],"collection":[{"href":"https:\/\/www.fordcapriparts.com\/wp\/index.php?rest_route=\/wp\/v2\/pages"}],"about":[{"href":"https:\/\/www.fordcapriparts.com\/wp\/index.php?rest_route=\/wp\/v2\/types\/page"}],"author":[{"embeddable":true,"href":"https:\/\/www.fordcapriparts.com\/wp\/index.php?rest_route=\/wp\/v2\/users\/1"}],"replies":[{"embeddable":true,"href":"https:\/\/www.fordcapriparts.com\/wp\/index.php?rest_route=%2Fwp%2Fv2%2Fcomments&post=32"}],"version-history":[{"count":33,"href":"https:\/\/www.fordcapriparts.com\/wp\/index.php?rest_route=\/wp\/v2\/pages\/32\/revisions"}],"predecessor-version":[{"id":172,"href":"https:\/\/www.fordcapriparts.com\/wp\/index.php?rest_route=\/wp\/v2\/pages\/32\/revisions\/172"}],"wp:attachment":[{"href":"https:\/\/www.fordcapriparts.com\/wp\/index.php?rest_route=%2Fwp%2Fv2%2Fmedia&parent=32"}],"curies":[{"name":"wp","href":"https:\/\/api.w.org\/{rel}","templated":true}]}}